{"id":710,"date":"2022-05-11T17:42:19","date_gmt":"2022-05-11T21:42:19","guid":{"rendered":"https:\/\/www.lamaquinadeleer.com\/?post_type=product&#038;p=710"},"modified":"2022-08-01T00:06:06","modified_gmt":"2022-08-01T04:06:06","slug":"10255-assembly-square-gran-plaza","status":"publish","type":"product","link":"https:\/\/www.lamaquinadeleer.com\/?product=10255-assembly-square-gran-plaza","title":{"rendered":"10255: Assembly Square (Gran Plaza)"},"content":{"rendered":"<p>En 2017 Lego hizo este set que se ha convertido en uno de los esenciales y el m\u00e1s especial de la colecci\u00f3n de Modulares<\/p>\n<div class=\"ProductFeaturesstyles__Copy-sc-8zwtdh-1 lejMoF\">\n<div class=\"ProductFeaturesstyles__FeaturesText-sc-8zwtdh-2 KbNSx\">\n<p>\u00a1Visita el asombroso edificio Gran plaza, dise\u00f1ado para celebrar el d\u00e9cimo aniversario de la serie LEGO\u00ae Modular Buildings! Cuenta con numerosos, insuperables y elaborados detalles, adem\u00e1s de divertidas sorpresas ocultas. Las secciones del edificio, f\u00e1ciles de desmontar, permiten acceder al detallado interior, compuesto por una planta baja con una pasteler\u00eda, una florister\u00eda y una cafeter\u00eda, una planta central con una tienda de m\u00fasica, un estudio fotogr\u00e1fico y una consulta dental, y una planta alta con un estudio de danza y un apartamento con acceso a la azotea, equipada con una barbacoa. El exterior del edificio cuenta con una detallada acera con mobiliario exterior de cafeter\u00eda, una fuente y farolas, una elaborada fachada con puertas y ventanas cuidadosamente detalladas, tres r\u00f3tulos comerciales para construir, una torre acabada en punta y perfiles decorativos. Incluye ocho minifiguras y una figura de un beb\u00e9.<\/p>\n<ul>\n<li>Incluye ocho minifiguras: un dentista, un experto en caf\u00e9, un pastelero, un florista, un ayudante de la tienda de m\u00fasica, un bailar\u00edn, un fot\u00f3grafo y un fan de LEGO\u00ae; incluye tambi\u00e9n una figura de un beb\u00e9.<\/li>\n<li>El edificio Gran plaza, de tres plantas, cuenta con una elaborada fachada de gran realismo con detalladas puertas y ventanas, tres r\u00f3tulos comerciales para construir, torre acabada en punta, perfiles decorativos y azotea, adem\u00e1s de una acera de adoquines con una fuente, mobiliario exterior de cafeter\u00eda y dos farolas.<\/li>\n<li>La planta baja cuenta con una pasteler\u00eda con mostrador, caja registradora, estantes, horno que se abre, tarta de bodas y diferentes pasteles y dulces para construir; una florister\u00eda con mostrador, caja registradora, herramientas de jardiner\u00eda, arreglos florales, ramilletes y una figura de un guacamayo azul y amarillo; y una cafeter\u00eda con m\u00e1quina de caf\u00e9, mostrador, un banco para sentarse y pasteles.<\/li>\n<li>La planta central cuenta con una tienda de m\u00fasica con una bater\u00eda para construir, dos guitarras y un saxof\u00f3n; un estudio fotogr\u00e1fico con una c\u00e1mara cl\u00e1sica para construir y un tr\u00edpode ajustable; y una consulta dental con sill\u00f3n reclinable para construir, \u00e1rea de espera, tel\u00e9fono y lavabo.<\/li>\n<li>La planta superior cuenta con un estudio de danza con un piano para construir y un espejo reflectante; y un apartamento con sof\u00e1 cama desplegable para construir, una detallada cocina, ba\u00f1o, un tren LEGO\u00ae, modelos Modular Buildings y una Torre Eiffel a microescala, y acceso a la azotea, equipada con una barbacoa para construir, una mesa y una planta descuidada.<\/li>\n<li>Accesorios incluidos: una falda de bailarina, un chihuahua, una rosquilla, un pollo decorativo y un caramelo. Incluye tambi\u00e9n un tel\u00e9fono para construir, una barbacoa, un carrito de beb\u00e9 y farolas para construir.<\/li>\n<li>Desmonta las secciones del edificio para acceder al detallado interior.<\/li>\n<li>\u00a1Celebra el 10\u00ba aniversario de la serie Modular Buildings con este asombroso set LEGO\u00ae Creator Expert!<\/li>\n<li>Este set inclute m\u00e1s de 4.000 piezas.<\/li>\n<li>Elementos decorados incluidos (novedad en primavera de 2017): un torso de dentista, una ventana de dentista y una placa 2&#215;3 con la portada de la caja del modelo Esquina del caf\u00e9 (10182).<\/li>\n<li>Incluye numerosos adoquines curvados y en esquina, puertas de garaje en las ventanas sobresalientes y palas de excavadora LEGO\u00ae Technic en el tejado.<\/li>\n<li>Colecciona y construye toda una ciudad con los sets Restaurante parisino (10243), Oficina del detective (10246) y Banco (10251), todos ellos pertenecientes a la serie Modular Buildings de LEGO\u00ae Creator Expert.<\/li>\n<li>Mide m\u00e1s de 35 cm de altura, 38 cm de ancho y 25 cm de profundidad.<\/li>\n<\/ul>\n<\/div>\n<\/div>\n<div class=\"ProductFeaturesstyles__Cta-sc-8zwtdh-4 jliBec\"><\/div>\n","protected":false},"excerpt":{"rendered":"<p>4002 piezas de el Modular m\u00e1s esperado y buscado en LEGO<\/p>\n[embed]https:\/\/www.youtube.com\/watch?v=gZEk47pR6Qk[\/embed]\n","protected":false},"featured_media":711,"comment_status":"open","ping_status":"closed","template":"","meta":[],"product_brand":[],"product_cat":[30],"product_tag":[34,31,32,33],"class_list":{"0":"post-710","1":"product","2":"type-product","3":"status-publish","4":"has-post-thumbnail","6":"product_cat-lego-de-coleccion","7":"product_tag-assembly-square","8":"product_tag-gran-plaza","9":"product_tag-lego","10":"product_tag-modular","12":"first","13":"instock","14":"shipping-taxable","15":"purchasable","16":"product-type-simple"},"_links":{"self":[{"href":"https:\/\/www.lamaquinadeleer.com\/index.php?rest_route=\/wp\/v2\/product\/710","targetHints":{"allow":["GET"]}}],"collection":[{"href":"https:\/\/www.lamaquinadeleer.com\/index.php?rest_route=\/wp\/v2\/product"}],"about":[{"href":"https:\/\/www.lamaquinadeleer.com\/index.php?rest_route=\/wp\/v2\/types\/product"}],"replies":[{"embeddable":true,"href":"https:\/\/www.lamaquinadeleer.com\/index.php?rest_route=%2Fwp%2Fv2%2Fcomments&post=710"}],"wp:featuredmedia":[{"embeddable":true,"href":"https:\/\/www.lamaquinadeleer.com\/index.php?rest_route=\/wp\/v2\/media\/711"}],"wp:attachment":[{"href":"https:\/\/www.lamaquinadeleer.com\/index.php?rest_route=%2Fwp%2Fv2%2Fmedia&parent=710"}],"wp:term":[{"taxonomy":"product_brand","embeddable":true,"href":"https:\/\/www.lamaquinadeleer.com\/index.php?rest_route=%2Fwp%2Fv2%2Fproduct_brand&post=710"},{"taxonomy":"product_cat","embeddable":true,"href":"https:\/\/www.lamaquinadeleer.com\/index.php?rest_route=%2Fwp%2Fv2%2Fproduct_cat&post=710"},{"taxonomy":"product_tag","embeddable":true,"href":"https:\/\/www.lamaquinadeleer.com\/index.php?rest_route=%2Fwp%2Fv2%2Fproduct_tag&post=710"}],"curies":[{"name":"wp","href":"https:\/\/api.w.org\/{rel}","templated":true}]}}