{"id":692,"date":"2022-04-22T18:24:45","date_gmt":"2022-04-22T22:24:45","guid":{"rendered":"https:\/\/www.lamaquinadeleer.com\/?post_type=product&#038;p=692"},"modified":"2022-04-23T10:18:06","modified_gmt":"2022-04-23T14:18:06","slug":"60271-plaza-mayor","status":"publish","type":"product","link":"https:\/\/www.lamaquinadeleer.com\/?product=60271-plaza-mayor","title":{"rendered":"60271- Plaza Mayor"},"content":{"rendered":"<p>El asombroso juego LEGO\u00ae City Plaza Mayor (60271) transporta a los peques directamente a la serie para televisi\u00f3n LEGO\u00ae City Adventures. Hay un ayuntamiento, una plaza, un escenario de conciertos, un cl\u00e1sico restaurante, una estaci\u00f3n de tranv\u00edas y, adem\u00e1s, geniales veh\u00edculos de juguete, como la larga limusina del alcalde Fleck, la moto de Snake Rattler y el triciclo de mantenimiento de Harl Hubbs. Suma a esto 14 minifiguras, entre ellas un fant\u00e1stico elenco de personajes LEGO City de la tele, y todo estar\u00e1 listo para jugar sin l\u00edmites.<br \/>\nUn juego para ni\u00f1os inspirado en el centro de una ciudad<br \/>\nEl juego LEGO City Plaza Mayor viene con una gu\u00eda de construcci\u00f3n f\u00e1cil de seguir y la experiencia Instructions PLUS, parte de la app gratuita Instrucciones de Montaje LEGO para smartphones y tabletas. Esta gu\u00eda de construcci\u00f3n interactiva, con herramientas de acercamiento, giro y visualizaci\u00f3n, ayudar\u00e1 a convertir r\u00e1pidamente a los j\u00f3venes constructores LEGO en aut\u00e9nticos maestros constructores.<br \/>\nInspiradores juguetes para ni\u00f1os y ni\u00f1as<br \/>\nLos sets de construcci\u00f3n LEGO City fomentan el juego de interpretaci\u00f3n creativo de final flexible con detallad\u00edsimos edificios, veh\u00edculos de juguete de gran realismo y divertidos personajes que ofrecen una experiencia de construcci\u00f3n y juego gratificante y muy entretenida.<\/p>\n<p><iframe title=\"Happy &amp; Positive BIASED look at LEGO City Main Square! 60271\" width=\"525\" height=\"295\" src=\"https:\/\/www.youtube.com\/embed\/CUOGlotTW5E?start=723&#038;feature=oembed\" frameborder=\"0\" allow=\"accelerometer; autoplay; clipboard-write; encrypted-media; gyroscope; picture-in-picture; web-share\" referrerpolicy=\"strict-origin-when-cross-origin\" allowfullscreen><\/iframe><\/p>\n","protected":false},"excerpt":{"rendered":"<p>1517 piezas de uno de los sets m\u00e1s completos y m\u00e1s grandes de la serie CITY. Ideal para construirlo en familia.<\/p>\n","protected":false},"featured_media":693,"comment_status":"open","ping_status":"closed","template":"","meta":[],"product_brand":[],"product_cat":[30],"product_tag":[],"class_list":{"0":"post-692","1":"product","2":"type-product","3":"status-publish","4":"has-post-thumbnail","6":"product_cat-lego-de-coleccion","8":"first","9":"instock","10":"sale","11":"shipping-taxable","12":"purchasable","13":"product-type-simple"},"_links":{"self":[{"href":"https:\/\/www.lamaquinadeleer.com\/index.php?rest_route=\/wp\/v2\/product\/692","targetHints":{"allow":["GET"]}}],"collection":[{"href":"https:\/\/www.lamaquinadeleer.com\/index.php?rest_route=\/wp\/v2\/product"}],"about":[{"href":"https:\/\/www.lamaquinadeleer.com\/index.php?rest_route=\/wp\/v2\/types\/product"}],"replies":[{"embeddable":true,"href":"https:\/\/www.lamaquinadeleer.com\/index.php?rest_route=%2Fwp%2Fv2%2Fcomments&post=692"}],"wp:featuredmedia":[{"embeddable":true,"href":"https:\/\/www.lamaquinadeleer.com\/index.php?rest_route=\/wp\/v2\/media\/693"}],"wp:attachment":[{"href":"https:\/\/www.lamaquinadeleer.com\/index.php?rest_route=%2Fwp%2Fv2%2Fmedia&parent=692"}],"wp:term":[{"taxonomy":"product_brand","embeddable":true,"href":"https:\/\/www.lamaquinadeleer.com\/index.php?rest_route=%2Fwp%2Fv2%2Fproduct_brand&post=692"},{"taxonomy":"product_cat","embeddable":true,"href":"https:\/\/www.lamaquinadeleer.com\/index.php?rest_route=%2Fwp%2Fv2%2Fproduct_cat&post=692"},{"taxonomy":"product_tag","embeddable":true,"href":"https:\/\/www.lamaquinadeleer.com\/index.php?rest_route=%2Fwp%2Fv2%2Fproduct_tag&post=692"}],"curies":[{"name":"wp","href":"https:\/\/api.w.org\/{rel}","templated":true}]}}