{"id":672,"date":"2022-04-22T18:01:17","date_gmt":"2022-04-22T22:01:17","guid":{"rendered":"https:\/\/www.lamaquinadeleer.com\/?post_type=product&#038;p=672"},"modified":"2022-08-01T00:06:06","modified_gmt":"2022-08-01T04:06:06","slug":"21315-pop-up-book-libro-desplegable","status":"publish","type":"product","link":"https:\/\/www.lamaquinadeleer.com\/?product=21315-pop-up-book-libro-desplegable","title":{"rendered":"21315: Pop-Up Book &#8211; Libro Desplegable"},"content":{"rendered":"<p>Construye, juega y decora con los cl\u00e1sicos cuentos Caperucita Roja y Jack y las Habichuelas M\u00e1gicas, \u00a1creativamente reproducidos en el set LEGO\u00ae Ideas Libro Desplegable (21315)! El primer libro desplegable para construir hecho de ladrillos LEGO se abre para revelar la famosa escena de la caba\u00f1a en el bosque de la abuelita, equipada con puerta que se abre, cama y \u00e1rea de cocina. Recrea la escena en la que Caperucita Roja se encuentra con el lobo o intercambia la caba\u00f1a de la abuelita por el castillo del gigante en las nubes. Este juguete coleccionable contiene ladrillos suficientes para construir ambas escenas, o incluso construir una escena propia que haga de este el regalo creativo perfecto. Adem\u00e1s, este set LEGO incluye un folleto con la historia de los libros desplegables, un resumen de cada uno de los cuentos, e informaci\u00f3n acerca de los fans dise\u00f1adores y los dise\u00f1adores de LEGO.<\/p>\n<ul>\n<li>Incluye 4 minifiguras LEGO\u00ae (novedades en noviembre de 2018): Caperucita Roja, la abuelita, el lobo y el gigante. Incluye tambi\u00e9n 1 microfigura (novedad en noviembre de 2018): Jack.<\/li>\n<li>El primer libro desplegable de la historia de LEGO\u00ae reproduce 2 cuentos diferentes al estilo LEGO: Caperucita Roja y Jack y las Habichuelas M\u00e1gicas.<\/li>\n<li>Construye y decora, o inventa tus propias historias a partir de 2 cl\u00e1sicos cuentos con este imaginativo juguete.<\/li>\n<li>Este set LEGO\u00ae Ideas contiene ladrillos suficientes para construir los dos cuentos del set, o incluso tu propia escena.<\/li>\n<li>Incluye un folleto con instrucciones de construcci\u00f3n, la historia de los libros desplegables, un resumen de los 2 cuentos incluidos en el set, e informaci\u00f3n acerca de los fans dise\u00f1adores y los dise\u00f1adores de LEGO\u00ae que protagonizan esta sorprendente historia.<\/li>\n<li>El libro desplegable mide m\u00e1s de 20 cm de longitud y 13 cm de ancho cuando est\u00e1 cerrado, y m\u00e1s de 28 cm de ancho cuando est\u00e1 abierto.<\/li>\n<\/ul>\n","protected":false},"excerpt":{"rendered":"<p>859 piezas. Maravilloso libro hecho todo de LEGO para contar historias. Viene por defecto con 2 cuentos (Caperucita y Las Habichuelas m\u00e1gicas). Producto que solo se encuentra como objeto de colecci\u00f3n en algunas tiendas del mundo.<\/p>\n<p>Puedes ver el video promocional del set<\/p>\n[embed]https:\/\/www.youtube.com\/watch?v=DdhogF2B94w&#038;t=43s[\/embed]\n","protected":false},"featured_media":673,"comment_status":"open","ping_status":"closed","template":"","meta":[],"product_brand":[],"product_cat":[30],"product_tag":[],"class_list":{"0":"post-672","1":"product","2":"type-product","3":"status-publish","4":"has-post-thumbnail","6":"product_cat-lego-de-coleccion","8":"first","9":"instock","10":"shipping-taxable","11":"purchasable","12":"product-type-simple"},"_links":{"self":[{"href":"https:\/\/www.lamaquinadeleer.com\/index.php?rest_route=\/wp\/v2\/product\/672","targetHints":{"allow":["GET"]}}],"collection":[{"href":"https:\/\/www.lamaquinadeleer.com\/index.php?rest_route=\/wp\/v2\/product"}],"about":[{"href":"https:\/\/www.lamaquinadeleer.com\/index.php?rest_route=\/wp\/v2\/types\/product"}],"replies":[{"embeddable":true,"href":"https:\/\/www.lamaquinadeleer.com\/index.php?rest_route=%2Fwp%2Fv2%2Fcomments&post=672"}],"wp:featuredmedia":[{"embeddable":true,"href":"https:\/\/www.lamaquinadeleer.com\/index.php?rest_route=\/wp\/v2\/media\/673"}],"wp:attachment":[{"href":"https:\/\/www.lamaquinadeleer.com\/index.php?rest_route=%2Fwp%2Fv2%2Fmedia&parent=672"}],"wp:term":[{"taxonomy":"product_brand","embeddable":true,"href":"https:\/\/www.lamaquinadeleer.com\/index.php?rest_route=%2Fwp%2Fv2%2Fproduct_brand&post=672"},{"taxonomy":"product_cat","embeddable":true,"href":"https:\/\/www.lamaquinadeleer.com\/index.php?rest_route=%2Fwp%2Fv2%2Fproduct_cat&post=672"},{"taxonomy":"product_tag","embeddable":true,"href":"https:\/\/www.lamaquinadeleer.com\/index.php?rest_route=%2Fwp%2Fv2%2Fproduct_tag&post=672"}],"curies":[{"name":"wp","href":"https:\/\/api.w.org\/{rel}","templated":true}]}}