{"id":660,"date":"2022-04-22T17:43:39","date_gmt":"2022-04-22T21:43:39","guid":{"rendered":"https:\/\/www.lamaquinadeleer.com\/?post_type=product&#038;p=660"},"modified":"2022-04-22T18:08:30","modified_gmt":"2022-04-22T22:08:30","slug":"10263-winter-village-fire-station","status":"publish","type":"product","link":"https:\/\/www.lamaquinadeleer.com\/?product=10263-winter-village-fire-station","title":{"rendered":"10263: Winter Village Fire Station"},"content":{"rendered":"<p>Sube al trineo y pasea por la nieve hasta la Estaci\u00f3n de Bomberos Navide\u00f1a LEGO\u00ae Creator Expert (10263), donde la temporada navide\u00f1a se celebra a lo grande. Fuera del edificio, adornado con ramas de acebo, los bomberos trabajan para llenar de agua la pista de hielo con su brillante cami\u00f3n ante la mirada de un jugador de hockey sobre hielo, mientras un m\u00fasico callejero interpreta alegres villancicos con su saxof\u00f3n. Construye un simp\u00e1tico mu\u00f1eco de nieve con un divertido sombrero de copa y ayuda a decorar el \u00e1rbol de Navidad. Coloca debajo los regalos y juguetes, y sube por la escalera de bomberos para decorar la c\u00faspide con la resplandeciente estrella. Vuelve despu\u00e9s a la estaci\u00f3n de bomberos y sube las escaleras hasta la acogedora cocina. Enciende la luz y saborea una refrescante bebida en compa\u00f1\u00eda del simp\u00e1tico d\u00e1lmata antes de bajar por el poste y regresar a la plaza para seguir disfrutando de las celebraciones. Prende la llama de tu imaginaci\u00f3n con este delicioso set LEGO Creator Expert.<\/p>\n<p>Si quieres ver el video de la construcci\u00f3n r\u00e1pida de este set. Haz clic <a href=\"https:\/\/www.youtube.com\/watch?v=r1avWM6Jco8\">ac\u00e1<\/a><\/p>\n","protected":false},"excerpt":{"rendered":"<p>Maravilloso set lleno de detalles de la serie creator del 2017 del Winter Village. Solo se encuentra en tiendas de colecci\u00f3n.<\/p>\n<p>1168 piezas de pura diversi\u00f3n<\/p>\n","protected":false},"featured_media":663,"comment_status":"open","ping_status":"closed","template":"","meta":[],"product_brand":[],"product_cat":[30],"product_tag":[],"class_list":{"0":"post-660","1":"product","2":"type-product","3":"status-publish","4":"has-post-thumbnail","6":"product_cat-lego-de-coleccion","8":"first","9":"instock","10":"sale","11":"sold-individually","12":"shipping-taxable","13":"purchasable","14":"product-type-simple"},"_links":{"self":[{"href":"https:\/\/www.lamaquinadeleer.com\/index.php?rest_route=\/wp\/v2\/product\/660","targetHints":{"allow":["GET"]}}],"collection":[{"href":"https:\/\/www.lamaquinadeleer.com\/index.php?rest_route=\/wp\/v2\/product"}],"about":[{"href":"https:\/\/www.lamaquinadeleer.com\/index.php?rest_route=\/wp\/v2\/types\/product"}],"replies":[{"embeddable":true,"href":"https:\/\/www.lamaquinadeleer.com\/index.php?rest_route=%2Fwp%2Fv2%2Fcomments&post=660"}],"wp:featuredmedia":[{"embeddable":true,"href":"https:\/\/www.lamaquinadeleer.com\/index.php?rest_route=\/wp\/v2\/media\/663"}],"wp:attachment":[{"href":"https:\/\/www.lamaquinadeleer.com\/index.php?rest_route=%2Fwp%2Fv2%2Fmedia&parent=660"}],"wp:term":[{"taxonomy":"product_brand","embeddable":true,"href":"https:\/\/www.lamaquinadeleer.com\/index.php?rest_route=%2Fwp%2Fv2%2Fproduct_brand&post=660"},{"taxonomy":"product_cat","embeddable":true,"href":"https:\/\/www.lamaquinadeleer.com\/index.php?rest_route=%2Fwp%2Fv2%2Fproduct_cat&post=660"},{"taxonomy":"product_tag","embeddable":true,"href":"https:\/\/www.lamaquinadeleer.com\/index.php?rest_route=%2Fwp%2Fv2%2Fproduct_tag&post=660"}],"curies":[{"name":"wp","href":"https:\/\/api.w.org\/{rel}","templated":true}]}}