{"id":194,"date":"2020-08-06T17:05:33","date_gmt":"2020-08-06T21:05:33","guid":{"rendered":"https:\/\/www.lamaquinadeleer.com\/?page_id=194"},"modified":"2020-08-06T21:21:31","modified_gmt":"2020-08-07T01:21:31","slug":"la-experiencia-de-la-lectura","status":"publish","type":"page","link":"https:\/\/www.lamaquinadeleer.com\/?page_id=194","title":{"rendered":"La experiencia de la lectura"},"content":{"rendered":"\t\t<div data-elementor-type=\"wp-page\" data-elementor-id=\"194\" class=\"elementor elementor-194\">\n\t\t\t\t\t\t<section class=\"elementor-section elementor-top-section elementor-element elementor-element-317e7fe2 elementor-section-height-min-height elementor-section-content-middle elementor-section-boxed elementor-section-height-default elementor-section-items-middle\" data-id=\"317e7fe2\" data-element_type=\"section\" data-e-type=\"section\" data-settings=\"{&quot;background_background&quot;:&quot;classic&quot;}\">\n\t\t\t\t\t\t\t<div class=\"elementor-background-overlay\"><\/div>\n\t\t\t\t\t\t\t<div class=\"elementor-container elementor-column-gap-default\">\n\t\t\t\t\t<div class=\"elementor-column elementor-col-100 elementor-top-column elementor-element elementor-element-5984e0e7\" data-id=\"5984e0e7\" data-element_type=\"column\" data-e-type=\"column\">\n\t\t\t<div class=\"elementor-widget-wrap elementor-element-populated\">\n\t\t\t\t\t\t<div class=\"elementor-element elementor-element-32287a3d elementor-widget elementor-widget-image\" data-id=\"32287a3d\" data-element_type=\"widget\" data-e-type=\"widget\" data-widget_type=\"image.default\">\n\t\t\t\t<div class=\"elementor-widget-container\">\n\t\t\t\t\t\t\t\t\t\t\t\t\t\t\t<img fetchpriority=\"high\" decoding=\"async\" width=\"1028\" height=\"1170\" src=\"https:\/\/www.lamaquinadeleer.com\/wp-content\/uploads\/2020\/08\/Captura-de-pantalla-2014-10-01-a-las-09.34.30.png\" class=\"attachment-full size-full wp-image-30\" alt=\"\" srcset=\"https:\/\/www.lamaquinadeleer.com\/wp-content\/uploads\/2020\/08\/Captura-de-pantalla-2014-10-01-a-las-09.34.30.png 1028w, https:\/\/www.lamaquinadeleer.com\/wp-content\/uploads\/2020\/08\/Captura-de-pantalla-2014-10-01-a-las-09.34.30-350x398.png 350w, https:\/\/www.lamaquinadeleer.com\/wp-content\/uploads\/2020\/08\/Captura-de-pantalla-2014-10-01-a-las-09.34.30-264x300.png 264w, https:\/\/www.lamaquinadeleer.com\/wp-content\/uploads\/2020\/08\/Captura-de-pantalla-2014-10-01-a-las-09.34.30-900x1024.png 900w, https:\/\/www.lamaquinadeleer.com\/wp-content\/uploads\/2020\/08\/Captura-de-pantalla-2014-10-01-a-las-09.34.30-768x874.png 768w\" sizes=\"100vw\" \/>\t\t\t\t\t\t\t\t\t\t\t\t\t\t\t<\/div>\n\t\t\t\t<\/div>\n\t\t\t\t\t<\/div>\n\t\t<\/div>\n\t\t\t\t\t<\/div>\n\t\t<\/section>\n\t\t\t\t<section class=\"elementor-section elementor-top-section elementor-element elementor-element-38272b41 elementor-section-content-middle elementor-section-boxed elementor-section-height-default elementor-section-height-default\" data-id=\"38272b41\" data-element_type=\"section\" data-e-type=\"section\">\n\t\t\t\t\t\t<div class=\"elementor-container elementor-column-gap-default\">\n\t\t\t\t\t<div class=\"elementor-column elementor-col-50 elementor-top-column elementor-element elementor-element-27c75dd2\" data-id=\"27c75dd2\" data-element_type=\"column\" data-e-type=\"column\">\n\t\t\t<div class=\"elementor-widget-wrap elementor-element-populated\">\n\t\t\t\t\t\t<div class=\"elementor-element elementor-element-340ebb61 elementor-widget elementor-widget-heading\" data-id=\"340ebb61\" data-element_type=\"widget\" data-e-type=\"widget\" data-widget_type=\"heading.default\">\n\t\t\t\t<div class=\"elementor-widget-container\">\n\t\t\t\t\t<h2 class=\"elementor-heading-title elementor-size-large\">LA EXPERIENCIA DE LA LECTURA<\/h2>\t\t\t\t<\/div>\n\t\t\t\t<\/div>\n\t\t\t\t<div class=\"elementor-element elementor-element-23ab3631 elementor-widget-divider--view-line elementor-widget elementor-widget-divider\" data-id=\"23ab3631\" data-element_type=\"widget\" data-e-type=\"widget\" data-widget_type=\"divider.default\">\n\t\t\t\t<div class=\"elementor-widget-container\">\n\t\t\t\t\t\t\t<div class=\"elementor-divider\">\n\t\t\t<span class=\"elementor-divider-separator\">\n\t\t\t\t\t\t<\/span>\n\t\t<\/div>\n\t\t\t\t\t\t<\/div>\n\t\t\t\t<\/div>\n\t\t\t\t<div class=\"elementor-element elementor-element-1ad7e063 elementor-widget elementor-widget-text-editor\" data-id=\"1ad7e063\" data-element_type=\"widget\" data-e-type=\"widget\" data-widget_type=\"text-editor.default\">\n\t\t\t\t<div class=\"elementor-widget-container\">\n\t\t\t\t\t\t\t\t\t<p>Leemos, conversamos, dise\u00f1amos actividades a la medida de tu comunidad<\/p>\t\t\t\t\t\t\t\t<\/div>\n\t\t\t\t<\/div>\n\t\t\t\t\t<\/div>\n\t\t<\/div>\n\t\t\t\t<div class=\"elementor-column elementor-col-50 elementor-top-column elementor-element elementor-element-14a20ad7 elementor-sm-100\" data-id=\"14a20ad7\" data-element_type=\"column\" data-e-type=\"column\">\n\t\t\t<div class=\"elementor-widget-wrap elementor-element-populated\">\n\t\t\t\t\t\t<div class=\"elementor-element elementor-element-fad0814 gallery-spacing-custom elementor-widget elementor-widget-image-gallery\" data-id=\"fad0814\" data-element_type=\"widget\" data-e-type=\"widget\" data-widget_type=\"image-gallery.default\">\n\t\t\t\t<div class=\"elementor-widget-container\">\n\t\t\t\t\t\t\t<div class=\"elementor-image-gallery\">\n\t\t\t<div id='gallery-1' class='gallery galleryid-194 gallery-columns-3 gallery-size-full'><figure class='gallery-item'>\n\t\t\t<div class='gallery-icon landscape'>\n\t\t\t\t<a data-elementor-open-lightbox=\"yes\" data-elementor-lightbox-slideshow=\"fad0814\" data-elementor-lightbox-title=\"DSC07233\" data-e-action-hash=\"#elementor-action%3Aaction%3Dlightbox%26settings%3DeyJpZCI6MjEyLCJ1cmwiOiJodHRwczpcL1wvd3d3LmxhbWFxdWluYWRlbGVlci5jb21cL3dwLWNvbnRlbnRcL3VwbG9hZHNcLzIwMjBcLzA4XC9EU0MwNzIzMy1zY2FsZWQuanBnIiwic2xpZGVzaG93IjoiZmFkMDgxNCJ9\" href='https:\/\/www.lamaquinadeleer.com\/wp-content\/uploads\/2020\/08\/DSC07233-scaled.jpg'><img decoding=\"async\" width=\"2560\" height=\"1920\" src=\"https:\/\/www.lamaquinadeleer.com\/wp-content\/uploads\/2020\/08\/DSC07233-scaled.jpg\" class=\"attachment-full size-full\" alt=\"\" srcset=\"https:\/\/www.lamaquinadeleer.com\/wp-content\/uploads\/2020\/08\/DSC07233-scaled.jpg 2560w, https:\/\/www.lamaquinadeleer.com\/wp-content\/uploads\/2020\/08\/DSC07233-scaled-350x263.jpg 350w, https:\/\/www.lamaquinadeleer.com\/wp-content\/uploads\/2020\/08\/DSC07233-300x225.jpg 300w, https:\/\/www.lamaquinadeleer.com\/wp-content\/uploads\/2020\/08\/DSC07233-1024x768.jpg 1024w, https:\/\/www.lamaquinadeleer.com\/wp-content\/uploads\/2020\/08\/DSC07233-768x576.jpg 768w, https:\/\/www.lamaquinadeleer.com\/wp-content\/uploads\/2020\/08\/DSC07233-1536x1152.jpg 1536w, https:\/\/www.lamaquinadeleer.com\/wp-content\/uploads\/2020\/08\/DSC07233-2048x1536.jpg 2048w\" sizes=\"100vw\" \/><\/a>\n\t\t\t<\/div><\/figure><figure class='gallery-item'>\n\t\t\t<div class='gallery-icon landscape'>\n\t\t\t\t<a data-elementor-open-lightbox=\"yes\" data-elementor-lightbox-slideshow=\"fad0814\" data-elementor-lightbox-title=\"voltea\" data-e-action-hash=\"#elementor-action%3Aaction%3Dlightbox%26settings%3DeyJpZCI6MjEzLCJ1cmwiOiJodHRwczpcL1wvd3d3LmxhbWFxdWluYWRlbGVlci5jb21cL3dwLWNvbnRlbnRcL3VwbG9hZHNcLzIwMjBcLzA4XC92b2x0ZWEuanBnIiwic2xpZGVzaG93IjoiZmFkMDgxNCJ9\" href='https:\/\/www.lamaquinadeleer.com\/wp-content\/uploads\/2020\/08\/voltea.jpg'><img decoding=\"async\" width=\"588\" height=\"392\" src=\"https:\/\/www.lamaquinadeleer.com\/wp-content\/uploads\/2020\/08\/voltea.jpg\" class=\"attachment-full size-full\" alt=\"\" srcset=\"https:\/\/www.lamaquinadeleer.com\/wp-content\/uploads\/2020\/08\/voltea.jpg 588w, https:\/\/www.lamaquinadeleer.com\/wp-content\/uploads\/2020\/08\/voltea-350x233.jpg 350w, https:\/\/www.lamaquinadeleer.com\/wp-content\/uploads\/2020\/08\/voltea-300x200.jpg 300w\" sizes=\"100vw\" \/><\/a>\n\t\t\t<\/div><\/figure><figure class='gallery-item'>\n\t\t\t<div class='gallery-icon landscape'>\n\t\t\t\t<a data-elementor-open-lightbox=\"yes\" data-elementor-lightbox-slideshow=\"fad0814\" data-elementor-lightbox-title=\"pati\u00f1o2\" data-e-action-hash=\"#elementor-action%3Aaction%3Dlightbox%26settings%3DeyJpZCI6MjE0LCJ1cmwiOiJodHRwczpcL1wvd3d3LmxhbWFxdWluYWRlbGVlci5jb21cL3dwLWNvbnRlbnRcL3VwbG9hZHNcLzIwMjBcLzA4XC9wYXRpXHUwMGYxbzItc2NhbGVkLmpwZyIsInNsaWRlc2hvdyI6ImZhZDA4MTQifQ%3D%3D\" href='https:\/\/www.lamaquinadeleer.com\/wp-content\/uploads\/2020\/08\/pati\u00f1o2-scaled.jpg'><img loading=\"lazy\" decoding=\"async\" width=\"2560\" height=\"1920\" src=\"https:\/\/www.lamaquinadeleer.com\/wp-content\/uploads\/2020\/08\/pati\u00f1o2-scaled.jpg\" class=\"attachment-full size-full\" alt=\"\" srcset=\"https:\/\/www.lamaquinadeleer.com\/wp-content\/uploads\/2020\/08\/pati\u00f1o2-scaled.jpg 2560w, https:\/\/www.lamaquinadeleer.com\/wp-content\/uploads\/2020\/08\/pati\u00f1o2-scaled-350x263.jpg 350w, https:\/\/www.lamaquinadeleer.com\/wp-content\/uploads\/2020\/08\/pati\u00f1o2-300x225.jpg 300w, https:\/\/www.lamaquinadeleer.com\/wp-content\/uploads\/2020\/08\/pati\u00f1o2-1024x768.jpg 1024w, https:\/\/www.lamaquinadeleer.com\/wp-content\/uploads\/2020\/08\/pati\u00f1o2-768x576.jpg 768w, https:\/\/www.lamaquinadeleer.com\/wp-content\/uploads\/2020\/08\/pati\u00f1o2-1536x1152.jpg 1536w, https:\/\/www.lamaquinadeleer.com\/wp-content\/uploads\/2020\/08\/pati\u00f1o2-2048x1536.jpg 2048w\" sizes=\"100vw\" \/><\/a>\n\t\t\t<\/div><\/figure>\n\t\t<\/div>\n\t\t<\/div>\n\t\t\t\t\t\t<\/div>\n\t\t\t\t<\/div>\n\t\t\t\t\t<\/div>\n\t\t<\/div>\n\t\t\t\t\t<\/div>\n\t\t<\/section>\n\t\t\t\t<section class=\"elementor-section elementor-top-section elementor-element elementor-element-72ac871a elementor-section-height-min-height elementor-section-content-middle elementor-section-boxed elementor-section-height-default elementor-section-items-middle\" data-id=\"72ac871a\" data-element_type=\"section\" data-e-type=\"section\" data-settings=\"{&quot;background_background&quot;:&quot;classic&quot;}\">\n\t\t\t\t\t\t<div class=\"elementor-container elementor-column-gap-default\">\n\t\t\t\t\t<div class=\"elementor-column elementor-col-100 elementor-top-column elementor-element elementor-element-5f390ed0\" data-id=\"5f390ed0\" data-element_type=\"column\" data-e-type=\"column\">\n\t\t\t<div class=\"elementor-widget-wrap elementor-element-populated\">\n\t\t\t\t\t\t<div class=\"elementor-element elementor-element-7be0f7dc elementor-widget elementor-widget-heading\" data-id=\"7be0f7dc\" data-element_type=\"widget\" data-e-type=\"widget\" data-widget_type=\"heading.default\">\n\t\t\t\t<div class=\"elementor-widget-container\">\n\t\t\t\t\t<h2 class=\"elementor-heading-title elementor-size-large\">La M\u00e1quina eres t\u00fa<\/h2>\t\t\t\t<\/div>\n\t\t\t\t<\/div>\n\t\t\t\t<div class=\"elementor-element elementor-element-16addb9f elementor-widget elementor-widget-spacer\" data-id=\"16addb9f\" data-element_type=\"widget\" data-e-type=\"widget\" data-widget_type=\"spacer.default\">\n\t\t\t\t<div class=\"elementor-widget-container\">\n\t\t\t\t\t\t\t<div class=\"elementor-spacer\">\n\t\t\t<div class=\"elementor-spacer-inner\"><\/div>\n\t\t<\/div>\n\t\t\t\t\t\t<\/div>\n\t\t\t\t<\/div>\n\t\t\t\t<div class=\"elementor-element elementor-element-22c8d005 elementor-widget elementor-widget-testimonial\" data-id=\"22c8d005\" data-element_type=\"widget\" data-e-type=\"widget\" data-widget_type=\"testimonial.default\">\n\t\t\t\t<div class=\"elementor-widget-container\">\n\t\t\t\t\t\t\t<div class=\"elementor-testimonial-wrapper\">\n\t\t\t\t\t\t\t<div class=\"elementor-testimonial-content\">Creemos que el \u00fanico ser capaz de leer el mundo, decodificarlo y convertirlo en algo bello es cada ser humano. Pero somos una maquinaria compleja y hay un mundo que descubrir. Nosotros queremos aprender ese mundo contigo<\/div>\n\t\t\t\n\t\t\t\t\t\t<div class=\"elementor-testimonial-meta elementor-has-image elementor-testimonial-image-position-top\">\n\t\t\t\t<div class=\"elementor-testimonial-meta-inner\">\n\t\t\t\t\t\t\t\t\t\t\t<div class=\"elementor-testimonial-image\">\n\t\t\t\t\t\t\t<img fetchpriority=\"high\" decoding=\"async\" width=\"1028\" height=\"1170\" src=\"https:\/\/www.lamaquinadeleer.com\/wp-content\/uploads\/2020\/08\/Captura-de-pantalla-2014-10-01-a-las-09.34.30.png\" class=\"attachment-full size-full wp-image-30\" alt=\"\" srcset=\"https:\/\/www.lamaquinadeleer.com\/wp-content\/uploads\/2020\/08\/Captura-de-pantalla-2014-10-01-a-las-09.34.30.png 1028w, https:\/\/www.lamaquinadeleer.com\/wp-content\/uploads\/2020\/08\/Captura-de-pantalla-2014-10-01-a-las-09.34.30-350x398.png 350w, https:\/\/www.lamaquinadeleer.com\/wp-content\/uploads\/2020\/08\/Captura-de-pantalla-2014-10-01-a-las-09.34.30-264x300.png 264w, https:\/\/www.lamaquinadeleer.com\/wp-content\/uploads\/2020\/08\/Captura-de-pantalla-2014-10-01-a-las-09.34.30-900x1024.png 900w, https:\/\/www.lamaquinadeleer.com\/wp-content\/uploads\/2020\/08\/Captura-de-pantalla-2014-10-01-a-las-09.34.30-768x874.png 768w\" sizes=\"100vw\" \/>\t\t\t\t\t\t<\/div>\n\t\t\t\t\t\n\t\t\t\t\t\t\t\t\t\t<div class=\"elementor-testimonial-details\">\n\t\t\t\t\t\t\t\t\t\t\t\t\t\t<div class=\"elementor-testimonial-name\">Gabriel iriarte rico<\/div>\n\t\t\t\t\t\t\t\t\t\t\t\t\t\t\t\t\t\t\t<\/div>\n\t\t\t\t\t\t\t\t\t<\/div>\n\t\t\t<\/div>\n\t\t\t\t\t<\/div>\n\t\t\t\t\t\t<\/div>\n\t\t\t\t<\/div>\n\t\t\t\t\t<\/div>\n\t\t<\/div>\n\t\t\t\t\t<\/div>\n\t\t<\/section>\n\t\t\t\t<section class=\"elementor-section elementor-top-section elementor-element elementor-element-7b0c2186 elementor-section-boxed elementor-section-height-default elementor-section-height-default\" data-id=\"7b0c2186\" data-element_type=\"section\" data-e-type=\"section\" data-settings=\"{&quot;background_background&quot;:&quot;classic&quot;}\">\n\t\t\t\t\t\t<div class=\"elementor-container elementor-column-gap-no\">\n\t\t\t\t\t<div class=\"elementor-column elementor-col-100 elementor-top-column elementor-element elementor-element-3584b458\" data-id=\"3584b458\" data-element_type=\"column\" data-e-type=\"column\">\n\t\t\t<div class=\"elementor-widget-wrap elementor-element-populated\">\n\t\t\t\t\t\t<section class=\"elementor-section elementor-inner-section elementor-element elementor-element-4dd18ae7 elementor-section-content-middle elementor-section-boxed elementor-section-height-default elementor-section-height-default\" data-id=\"4dd18ae7\" data-element_type=\"section\" data-e-type=\"section\">\n\t\t\t\t\t\t<div class=\"elementor-container elementor-column-gap-no\">\n\t\t\t\t\t<div class=\"elementor-column elementor-col-50 elementor-inner-column elementor-element elementor-element-690782be\" data-id=\"690782be\" data-element_type=\"column\" data-e-type=\"column\" data-settings=\"{&quot;background_background&quot;:&quot;classic&quot;}\">\n\t\t\t<div class=\"elementor-widget-wrap elementor-element-populated\">\n\t\t\t\t\t\t<div class=\"elementor-element elementor-element-3fc3fcd8 elementor-widget elementor-widget-heading\" data-id=\"3fc3fcd8\" data-element_type=\"widget\" data-e-type=\"widget\" data-widget_type=\"heading.default\">\n\t\t\t\t<div class=\"elementor-widget-container\">\n\t\t\t\t\t<h3 class=\"elementor-heading-title elementor-size-large\">pronto abriremos nuestra cafebreria<\/h3>\t\t\t\t<\/div>\n\t\t\t\t<\/div>\n\t\t\t\t<div class=\"elementor-element elementor-element-5604e7ea elementor-widget-divider--view-line elementor-widget elementor-widget-divider\" data-id=\"5604e7ea\" data-element_type=\"widget\" data-e-type=\"widget\" data-widget_type=\"divider.default\">\n\t\t\t\t<div class=\"elementor-widget-container\">\n\t\t\t\t\t\t\t<div class=\"elementor-divider\">\n\t\t\t<span class=\"elementor-divider-separator\">\n\t\t\t\t\t\t<\/span>\n\t\t<\/div>\n\t\t\t\t\t\t<\/div>\n\t\t\t\t<\/div>\n\t\t\t\t<div class=\"elementor-element elementor-element-6e102825 elementor-widget elementor-widget-text-editor\" data-id=\"6e102825\" data-element_type=\"widget\" data-e-type=\"widget\" data-widget_type=\"text-editor.default\">\n\t\t\t\t<div class=\"elementor-widget-container\">\n\t\t\t\t\t\t\t\t\t<p>Hace mucho mucho tiempo, so\u00f1amos con un lugar para tomar caf\u00e9 y charlar de literatura, ese d\u00eda cada vez est\u00e1 m\u00e1s cerca&#8230;<\/p>\t\t\t\t\t\t\t\t<\/div>\n\t\t\t\t<\/div>\n\t\t\t\t\t<\/div>\n\t\t<\/div>\n\t\t\t\t<div class=\"elementor-column elementor-col-50 elementor-inner-column elementor-element elementor-element-7a2ddf0c\" data-id=\"7a2ddf0c\" data-element_type=\"column\" data-e-type=\"column\">\n\t\t\t<div class=\"elementor-widget-wrap elementor-element-populated\">\n\t\t\t\t\t\t<div class=\"elementor-element elementor-element-9478650 elementor-widget elementor-widget-image\" data-id=\"9478650\" data-element_type=\"widget\" data-e-type=\"widget\" data-widget_type=\"image.default\">\n\t\t\t\t<div class=\"elementor-widget-container\">\n\t\t\t\t\t\t\t\t\t\t\t\t\t\t\t<img loading=\"lazy\" decoding=\"async\" width=\"740\" height=\"370\" src=\"https:\/\/www.lamaquinadeleer.com\/wp-content\/uploads\/2020\/08\/coffee-shop-cafeteria-restaurant-service-concept-1636305-1024x512.jpg\" class=\"attachment-large size-large wp-image-251\" alt=\"\" srcset=\"https:\/\/www.lamaquinadeleer.com\/wp-content\/uploads\/2020\/08\/coffee-shop-cafeteria-restaurant-service-concept-1636305-1024x512.jpg 1024w, https:\/\/www.lamaquinadeleer.com\/wp-content\/uploads\/2020\/08\/coffee-shop-cafeteria-restaurant-service-concept-1636305-350x175.jpg 350w, https:\/\/www.lamaquinadeleer.com\/wp-content\/uploads\/2020\/08\/coffee-shop-cafeteria-restaurant-service-concept-1636305-300x150.jpg 300w, https:\/\/www.lamaquinadeleer.com\/wp-content\/uploads\/2020\/08\/coffee-shop-cafeteria-restaurant-service-concept-1636305-768x384.jpg 768w, https:\/\/www.lamaquinadeleer.com\/wp-content\/uploads\/2020\/08\/coffee-shop-cafeteria-restaurant-service-concept-1636305-1536x768.jpg 1536w, https:\/\/www.lamaquinadeleer.com\/wp-content\/uploads\/2020\/08\/coffee-shop-cafeteria-restaurant-service-concept-1636305.jpg 1600w\" sizes=\"100vw\" \/>\t\t\t\t\t\t\t\t\t\t\t\t\t\t\t<\/div>\n\t\t\t\t<\/div>\n\t\t\t\t\t<\/div>\n\t\t<\/div>\n\t\t\t\t\t<\/div>\n\t\t<\/section>\n\t\t\t\t\t<\/div>\n\t\t<\/div>\n\t\t\t\t\t<\/div>\n\t\t<\/section>\n\t\t\t\t<\/div>\n\t\t","protected":false},"excerpt":{"rendered":"<p>LA EXPERIENCIA DE LA LECTURA Leemos, conversamos, dise\u00f1amos actividades a la medida de tu comunidad La M\u00e1quina eres t\u00fa Creemos que el \u00fanico ser capaz de leer el mundo, decodificarlo y convertirlo en algo bello es cada ser humano. Pero somos una maquinaria compleja y hay un mundo que descubrir. Nosotros queremos aprender ese mundo &hellip; <\/p>\n<p class=\"link-more\"><a href=\"https:\/\/www.lamaquinadeleer.com\/?page_id=194\" class=\"more-link\">Continuar leyendo<span class=\"screen-reader-text\"> &#8220;La experiencia de la lectura&#8221;<\/span><\/a><\/p>\n","protected":false},"author":1,"featured_media":0,"parent":0,"menu_order":0,"comment_status":"closed","ping_status":"closed","template":"","meta":{"footnotes":""},"class_list":["post-194","page","type-page","status-publish","hentry"],"_links":{"self":[{"href":"https:\/\/www.lamaquinadeleer.com\/index.php?rest_route=\/wp\/v2\/pages\/194","targetHints":{"allow":["GET"]}}],"collection":[{"href":"https:\/\/www.lamaquinadeleer.com\/index.php?rest_route=\/wp\/v2\/pages"}],"about":[{"href":"https:\/\/www.lamaquinadeleer.com\/index.php?rest_route=\/wp\/v2\/types\/page"}],"author":[{"embeddable":true,"href":"https:\/\/www.lamaquinadeleer.com\/index.php?rest_route=\/wp\/v2\/users\/1"}],"replies":[{"embeddable":true,"href":"https:\/\/www.lamaquinadeleer.com\/index.php?rest_route=%2Fwp%2Fv2%2Fcomments&post=194"}],"version-history":[{"count":5,"href":"https:\/\/www.lamaquinadeleer.com\/index.php?rest_route=\/wp\/v2\/pages\/194\/revisions"}],"predecessor-version":[{"id":252,"href":"https:\/\/www.lamaquinadeleer.com\/index.php?rest_route=\/wp\/v2\/pages\/194\/revisions\/252"}],"wp:attachment":[{"href":"https:\/\/www.lamaquinadeleer.com\/index.php?rest_route=%2Fwp%2Fv2%2Fmedia&parent=194"}],"curies":[{"name":"wp","href":"https:\/\/api.w.org\/{rel}","templated":true}]}}