{"id":175,"date":"2020-08-06T12:14:26","date_gmt":"2020-08-06T16:14:26","guid":{"rendered":"https:\/\/www.lamaquinadeleer.com\/?page_id=175"},"modified":"2024-08-06T13:10:49","modified_gmt":"2024-08-06T17:10:49","slug":"narracion-oral","status":"publish","type":"page","link":"https:\/\/www.lamaquinadeleer.com\/?page_id=175","title":{"rendered":"Narraci\u00f3n Oral"},"content":{"rendered":"\t\t<div data-elementor-type=\"wp-page\" data-elementor-id=\"175\" class=\"elementor elementor-175\">\n\t\t\t\t\t\t<section class=\"elementor-section elementor-top-section elementor-element elementor-element-40255d9 elementor-section-stretched elementor-section-boxed elementor-section-height-default elementor-section-height-default\" data-id=\"40255d9\" data-element_type=\"section\" data-e-type=\"section\" data-settings=\"{&quot;stretch_section&quot;:&quot;section-stretched&quot;}\">\n\t\t\t\t\t\t<div class=\"elementor-container elementor-column-gap-default\">\n\t\t\t\t\t<div class=\"elementor-column elementor-col-100 elementor-top-column elementor-element elementor-element-cefd305\" data-id=\"cefd305\" data-element_type=\"column\" data-e-type=\"column\">\n\t\t\t<div class=\"elementor-widget-wrap elementor-element-populated\">\n\t\t\t\t\t\t<div class=\"elementor-element elementor-element-3476f97 elementor-widget elementor-widget-accordion\" data-id=\"3476f97\" data-element_type=\"widget\" data-e-type=\"widget\" data-widget_type=\"accordion.default\">\n\t\t\t\t<div class=\"elementor-widget-container\">\n\t\t\t\t\t\t\t<div class=\"elementor-accordion\">\n\t\t\t\t\t\t\t<div class=\"elementor-accordion-item\">\n\t\t\t\t\t<div id=\"elementor-tab-title-5501\" class=\"elementor-tab-title\" data-tab=\"1\" role=\"button\" aria-controls=\"elementor-tab-content-5501\" aria-expanded=\"false\">\n\t\t\t\t\t\t\t\t\t\t\t\t\t<span class=\"elementor-accordion-icon elementor-accordion-icon-left\" aria-hidden=\"true\">\n\t\t\t\t\t\t\t\t\t\t\t\t\t\t\t<span class=\"elementor-accordion-icon-closed\"><i class=\"fas fa-plus\"><\/i><\/span>\n\t\t\t\t\t\t\t\t<span class=\"elementor-accordion-icon-opened\"><i class=\"fas fa-minus\"><\/i><\/span>\n\t\t\t\t\t\t\t\t\t\t\t\t\t\t<\/span>\n\t\t\t\t\t\t\t\t\t\t\t\t<a class=\"elementor-accordion-title\" tabindex=\"0\">El D\u00eda de la Isla<\/a>\n\t\t\t\t\t<\/div>\n\t\t\t\t\t<div id=\"elementor-tab-content-5501\" class=\"elementor-tab-content elementor-clearfix\" data-tab=\"1\" role=\"region\" aria-labelledby=\"elementor-tab-title-5501\"><p style=\"text-align: left;\"><img fetchpriority=\"high\" decoding=\"async\" class=\"alignnone size-medium wp-image-177\" src=\"https:\/\/www.lamaquinadeleer.com\/wp-content\/uploads\/2020\/08\/AficheEld\u00eda-208x300.jpg\" alt=\"\" width=\"208\" height=\"300\" srcset=\"https:\/\/www.lamaquinadeleer.com\/wp-content\/uploads\/2020\/08\/AficheEld\u00eda-208x300.jpg 208w, https:\/\/www.lamaquinadeleer.com\/wp-content\/uploads\/2020\/08\/AficheEld\u00eda-350x506.jpg 350w, https:\/\/www.lamaquinadeleer.com\/wp-content\/uploads\/2020\/08\/AficheEld\u00eda-709x1024.jpg 709w, https:\/\/www.lamaquinadeleer.com\/wp-content\/uploads\/2020\/08\/AficheEld\u00eda-768x1109.jpg 768w, https:\/\/www.lamaquinadeleer.com\/wp-content\/uploads\/2020\/08\/AficheEld\u00eda-1063x1536.jpg 1063w, https:\/\/www.lamaquinadeleer.com\/wp-content\/uploads\/2020\/08\/AficheEld\u00eda.jpg 1417w\" sizes=\"(max-width: 208px) 100vw, 208px\" \/>\u00a0 \u00a0 \u00a0 \u00a0 \u00a0<\/p><p style=\"text-align: left;\">Una Narraci\u00f3n basada en la pel\u00edcula italiana \u201cE Gia Ieri\u201d a su vez basada en \u201cEl d\u00eda de la Marmota\u201d, la versi\u00f3n de El d\u00eda de la Isla, es una versi\u00f3n libre de la tem\u00e1tica abordada por la primera que en realidad es la segunda. Experimento delirante de narraci\u00f3n que busca explorar las posibilidades de la narraci\u00f3n oral en tiempo presente, como \u00fanico lugar donde vivimos, ef\u00edmero y eterno a la vez.<\/p><p style=\"text-align: left;\"><span style=\"font-size: 15px; font-style: normal; font-weight: 400;\">\u00a0un hombre vive el mismo d\u00eda en una Isla en medio del Lago Titikaka<\/span><\/p><p style=\"font-size: 15px; font-style: normal; font-weight: 400; text-align: left;\">Duraci\u00f3n 45 min<\/p><p style=\"font-size: 15px; font-style: normal; font-weight: 400; text-align: left;\">A\u00f1o 2010<\/p><p style=\"font-size: 15px; font-style: normal; font-weight: 400; text-align: left;\">P\u00fablico: Mayores de 12 a\u00f1os<\/p><p style=\"font-size: 15px; font-style: normal; font-weight: 400; text-align: left;\"><a href=\"https:\/\/www.youtube.com\/watch?v=0YAjb5X9Xcg\">Ve un fragmento \u00e1ca<\/a><\/p><\/div>\n\t\t\t\t<\/div>\n\t\t\t\t\t\t\t<div class=\"elementor-accordion-item\">\n\t\t\t\t\t<div id=\"elementor-tab-title-5502\" class=\"elementor-tab-title\" data-tab=\"2\" role=\"button\" aria-controls=\"elementor-tab-content-5502\" aria-expanded=\"false\">\n\t\t\t\t\t\t\t\t\t\t\t\t\t<span class=\"elementor-accordion-icon elementor-accordion-icon-left\" aria-hidden=\"true\">\n\t\t\t\t\t\t\t\t\t\t\t\t\t\t\t<span class=\"elementor-accordion-icon-closed\"><i class=\"fas fa-plus\"><\/i><\/span>\n\t\t\t\t\t\t\t\t<span class=\"elementor-accordion-icon-opened\"><i class=\"fas fa-minus\"><\/i><\/span>\n\t\t\t\t\t\t\t\t\t\t\t\t\t\t<\/span>\n\t\t\t\t\t\t\t\t\t\t\t\t<a class=\"elementor-accordion-title\" tabindex=\"0\">Purgatorio<\/a>\n\t\t\t\t\t<\/div>\n\t\t\t\t\t<div id=\"elementor-tab-content-5502\" class=\"elementor-tab-content elementor-clearfix\" data-tab=\"2\" role=\"region\" aria-labelledby=\"elementor-tab-title-5502\"><p><img decoding=\"async\" class=\"alignnone size-medium wp-image-178\" src=\"https:\/\/www.lamaquinadeleer.com\/wp-content\/uploads\/2020\/08\/purgatoriosinfecha-300x289.jpg\" alt=\"\" width=\"300\" height=\"289\" srcset=\"https:\/\/www.lamaquinadeleer.com\/wp-content\/uploads\/2020\/08\/purgatoriosinfecha-300x289.jpg 300w, https:\/\/www.lamaquinadeleer.com\/wp-content\/uploads\/2020\/08\/purgatoriosinfecha-scaled-350x337.jpg 350w, https:\/\/www.lamaquinadeleer.com\/wp-content\/uploads\/2020\/08\/purgatoriosinfecha-1024x985.jpg 1024w, https:\/\/www.lamaquinadeleer.com\/wp-content\/uploads\/2020\/08\/purgatoriosinfecha-768x739.jpg 768w, https:\/\/www.lamaquinadeleer.com\/wp-content\/uploads\/2020\/08\/purgatoriosinfecha-1536x1478.jpg 1536w, https:\/\/www.lamaquinadeleer.com\/wp-content\/uploads\/2020\/08\/purgatoriosinfecha-2048x1971.jpg 2048w\" sizes=\"(max-width: 300px) 100vw, 300px\" \/>\u00a0 \u00a0 \u00a0 \u00a0 \u00a0 \u00a0 \u00a0 \u00a0 \u00a0Basado en el cuento hom\u00f3nimo de Gabriel Iriarte Rico, finalista del premio Franz Tamayo<\/p><p>A\u00f1o : 2013<\/p><p>Duraci\u00f3n: 40 minutos<\/p><p>Obra para mayores de 12 a\u00f1os<\/p><\/div>\n\t\t\t\t<\/div>\n\t\t\t\t\t\t\t<div class=\"elementor-accordion-item\">\n\t\t\t\t\t<div id=\"elementor-tab-title-5503\" class=\"elementor-tab-title\" data-tab=\"3\" role=\"button\" aria-controls=\"elementor-tab-content-5503\" aria-expanded=\"false\">\n\t\t\t\t\t\t\t\t\t\t\t\t\t<span class=\"elementor-accordion-icon elementor-accordion-icon-left\" aria-hidden=\"true\">\n\t\t\t\t\t\t\t\t\t\t\t\t\t\t\t<span class=\"elementor-accordion-icon-closed\"><i class=\"fas fa-plus\"><\/i><\/span>\n\t\t\t\t\t\t\t\t<span class=\"elementor-accordion-icon-opened\"><i class=\"fas fa-minus\"><\/i><\/span>\n\t\t\t\t\t\t\t\t\t\t\t\t\t\t<\/span>\n\t\t\t\t\t\t\t\t\t\t\t\t<a class=\"elementor-accordion-title\" tabindex=\"0\">Los sue\u00f1os extra\u00f1os<\/a>\n\t\t\t\t\t<\/div>\n\t\t\t\t\t<div id=\"elementor-tab-content-5503\" class=\"elementor-tab-content elementor-clearfix\" data-tab=\"3\" role=\"region\" aria-labelledby=\"elementor-tab-title-5503\"><p><img decoding=\"async\" class=\"alignnone size-medium wp-image-182\" src=\"https:\/\/www.lamaquinadeleer.com\/wp-content\/uploads\/2020\/08\/Sue\u00f1osafichesinfecha-216x300.jpg\" alt=\"Sue\u00f1os e\" width=\"216\" height=\"300\" srcset=\"https:\/\/www.lamaquinadeleer.com\/wp-content\/uploads\/2020\/08\/Sue\u00f1osafichesinfecha-216x300.jpg 216w, https:\/\/www.lamaquinadeleer.com\/wp-content\/uploads\/2020\/08\/Sue\u00f1osafichesinfecha-350x486.jpg 350w, https:\/\/www.lamaquinadeleer.com\/wp-content\/uploads\/2020\/08\/Sue\u00f1osafichesinfecha-738x1024.jpg 738w, https:\/\/www.lamaquinadeleer.com\/wp-content\/uploads\/2020\/08\/Sue\u00f1osafichesinfecha-768x1066.jpg 768w, https:\/\/www.lamaquinadeleer.com\/wp-content\/uploads\/2020\/08\/Sue\u00f1osafichesinfecha.jpg 1098w\" sizes=\"(max-width: 216px) 100vw, 216px\" \/>\u00a0Distinos sue\u00f1os se entremezclan para llevarnos por im\u00e1genes de distintas vidas y distintos tiempos<\/p><p>A\u00f1o 2010<\/p><p>Duraci\u00f3n 30 minutos<\/p><\/div>\n\t\t\t\t<\/div>\n\t\t\t\t\t\t\t<div class=\"elementor-accordion-item\">\n\t\t\t\t\t<div id=\"elementor-tab-title-5504\" class=\"elementor-tab-title\" data-tab=\"4\" role=\"button\" aria-controls=\"elementor-tab-content-5504\" aria-expanded=\"false\">\n\t\t\t\t\t\t\t\t\t\t\t\t\t<span class=\"elementor-accordion-icon elementor-accordion-icon-left\" aria-hidden=\"true\">\n\t\t\t\t\t\t\t\t\t\t\t\t\t\t\t<span class=\"elementor-accordion-icon-closed\"><i class=\"fas fa-plus\"><\/i><\/span>\n\t\t\t\t\t\t\t\t<span class=\"elementor-accordion-icon-opened\"><i class=\"fas fa-minus\"><\/i><\/span>\n\t\t\t\t\t\t\t\t\t\t\t\t\t\t<\/span>\n\t\t\t\t\t\t\t\t\t\t\t\t<a class=\"elementor-accordion-title\" tabindex=\"0\">Seda Ilona Sue\u00f1o<\/a>\n\t\t\t\t\t<\/div>\n\t\t\t\t\t<div id=\"elementor-tab-content-5504\" class=\"elementor-tab-content elementor-clearfix\" data-tab=\"4\" role=\"region\" aria-labelledby=\"elementor-tab-title-5504\"><p><img loading=\"lazy\" decoding=\"async\" class=\"alignnone size-medium wp-image-185\" src=\"https:\/\/www.lamaquinadeleer.com\/wp-content\/uploads\/2020\/08\/consedafondo-239x300.jpg\" alt=\"\" width=\"239\" height=\"300\" srcset=\"https:\/\/www.lamaquinadeleer.com\/wp-content\/uploads\/2020\/08\/consedafondo-239x300.jpg 239w, https:\/\/www.lamaquinadeleer.com\/wp-content\/uploads\/2020\/08\/consedafondo-350x439.jpg 350w, https:\/\/www.lamaquinadeleer.com\/wp-content\/uploads\/2020\/08\/consedafondo-817x1024.jpg 817w, https:\/\/www.lamaquinadeleer.com\/wp-content\/uploads\/2020\/08\/consedafondo-768x963.jpg 768w, https:\/\/www.lamaquinadeleer.com\/wp-content\/uploads\/2020\/08\/consedafondo.jpg 1017w\" sizes=\"(max-width: 239px) 100vw, 239px\" \/>\u00a0 \u00a0Tres cuentos, de tres \u00e9pocas y de tres autores. 2 de jap\u00f3n y uno de una mujer<\/p><p>A\u00f1o 2011<\/p><p>Duraci\u00f3n 35 minutos<\/p><p>Mayores de 12 a\u00f1os<\/p><\/div>\n\t\t\t\t<\/div>\n\t\t\t\t\t\t\t<div class=\"elementor-accordion-item\">\n\t\t\t\t\t<div id=\"elementor-tab-title-5505\" class=\"elementor-tab-title\" data-tab=\"5\" role=\"button\" aria-controls=\"elementor-tab-content-5505\" aria-expanded=\"false\">\n\t\t\t\t\t\t\t\t\t\t\t\t\t<span class=\"elementor-accordion-icon elementor-accordion-icon-left\" aria-hidden=\"true\">\n\t\t\t\t\t\t\t\t\t\t\t\t\t\t\t<span class=\"elementor-accordion-icon-closed\"><i class=\"fas fa-plus\"><\/i><\/span>\n\t\t\t\t\t\t\t\t<span class=\"elementor-accordion-icon-opened\"><i class=\"fas fa-minus\"><\/i><\/span>\n\t\t\t\t\t\t\t\t\t\t\t\t\t\t<\/span>\n\t\t\t\t\t\t\t\t\t\t\t\t<a class=\"elementor-accordion-title\" tabindex=\"0\">Secuencia<\/a>\n\t\t\t\t\t<\/div>\n\t\t\t\t\t<div id=\"elementor-tab-content-5505\" class=\"elementor-tab-content elementor-clearfix\" data-tab=\"5\" role=\"region\" aria-labelledby=\"elementor-tab-title-5505\"><p style=\"text-align: left;\"><img loading=\"lazy\" decoding=\"async\" class=\"alignnone size-medium wp-image-322\" src=\"https:\/\/www.lamaquinadeleer.com\/wp-content\/uploads\/2020\/08\/titulo-01-300x85.jpg\" alt=\"\" width=\"300\" height=\"85\" srcset=\"https:\/\/www.lamaquinadeleer.com\/wp-content\/uploads\/2020\/08\/titulo-01-300x85.jpg 300w, https:\/\/www.lamaquinadeleer.com\/wp-content\/uploads\/2020\/08\/titulo-01-350x99.jpg 350w, https:\/\/www.lamaquinadeleer.com\/wp-content\/uploads\/2020\/08\/titulo-01-1024x290.jpg 1024w, https:\/\/www.lamaquinadeleer.com\/wp-content\/uploads\/2020\/08\/titulo-01-768x218.jpg 768w, https:\/\/www.lamaquinadeleer.com\/wp-content\/uploads\/2020\/08\/titulo-01-1536x435.jpg 1536w, https:\/\/www.lamaquinadeleer.com\/wp-content\/uploads\/2020\/08\/titulo-01.jpg 1828w\" sizes=\"(max-width: 300px) 100vw, 300px\" \/>Co<span style=\"font-family: Arial, sans-serif; font-size: 11pt; font-style: normal; font-weight: 400;\">n un formato trepidante de peque\u00f1as historias de personajes que conviven en una misma ciudad, y viven su cotidianidad con intensidad, se cruzan casualmente y enlazan sus historias para crear una secuencia a la que el espectador podr\u00e1 dar un sentido o varios. Es armar y perderse en un rompecabezas de historias de amor, de fiesta, de trabajo, de sue\u00f1os y viajes.<\/span><\/p><p>\u00a0<\/p><p>Duraci\u00f3n 30 minutos<\/p><p>Mayores de 12 a\u00f1os<\/p><p>A\u00f1o 2012<\/p><\/div>\n\t\t\t\t<\/div>\n\t\t\t\t\t\t\t<div class=\"elementor-accordion-item\">\n\t\t\t\t\t<div id=\"elementor-tab-title-5506\" class=\"elementor-tab-title\" data-tab=\"6\" role=\"button\" aria-controls=\"elementor-tab-content-5506\" aria-expanded=\"false\">\n\t\t\t\t\t\t\t\t\t\t\t\t\t<span class=\"elementor-accordion-icon elementor-accordion-icon-left\" aria-hidden=\"true\">\n\t\t\t\t\t\t\t\t\t\t\t\t\t\t\t<span class=\"elementor-accordion-icon-closed\"><i class=\"fas fa-plus\"><\/i><\/span>\n\t\t\t\t\t\t\t\t<span class=\"elementor-accordion-icon-opened\"><i class=\"fas fa-minus\"><\/i><\/span>\n\t\t\t\t\t\t\t\t\t\t\t\t\t\t<\/span>\n\t\t\t\t\t\t\t\t\t\t\t\t<a class=\"elementor-accordion-title\" tabindex=\"0\">El Hilo<\/a>\n\t\t\t\t\t<\/div>\n\t\t\t\t\t<div id=\"elementor-tab-content-5506\" class=\"elementor-tab-content elementor-clearfix\" data-tab=\"6\" role=\"region\" aria-labelledby=\"elementor-tab-title-5506\"><p><img loading=\"lazy\" decoding=\"async\" class=\"alignnone size-medium wp-image-334\" src=\"https:\/\/www.lamaquinadeleer.com\/wp-content\/uploads\/2020\/08\/afiche1-180x300.jpg\" alt=\"\" width=\"180\" height=\"300\" srcset=\"https:\/\/www.lamaquinadeleer.com\/wp-content\/uploads\/2020\/08\/afiche1-180x300.jpg 180w, https:\/\/www.lamaquinadeleer.com\/wp-content\/uploads\/2020\/08\/afiche1-350x584.jpg 350w, https:\/\/www.lamaquinadeleer.com\/wp-content\/uploads\/2020\/08\/afiche1-614x1024.jpg 614w, https:\/\/www.lamaquinadeleer.com\/wp-content\/uploads\/2020\/08\/afiche1-768x1281.jpg 768w, https:\/\/www.lamaquinadeleer.com\/wp-content\/uploads\/2020\/08\/afiche1-921x1536.jpg 921w, https:\/\/www.lamaquinadeleer.com\/wp-content\/uploads\/2020\/08\/afiche1.jpg 1228w\" sizes=\"(max-width: 180px) 100vw, 180px\" \/><\/p><p class=\"western\" lang=\"es-BO\" align=\"left\"><span style=\"font-family: Helvetica, Arial, sans-serif;\"><span style=\"font-size: small;\">\u00bfD\u00f3nde comienza el hilo? En la oscuridad, en lo inaudible, y de a poco un rumor cuenta algo que sale del silencio. Un hombre que siente curiosidad por saber qu\u00e9 es lo que siente, por saber porqu\u00e9 suspira. Y su pregunta es la misma que se hace una anciana que pinta, una mujer que espera a su esposo alba\u00f1il en un valle perdido, o un viejo mago \u00e1rabe en Anatolia, o una mujer que no puede parar de bailar. <\/span><\/span><\/p><p>Duraci\u00f3n 40 minutos<\/p><p>Mayores 12 a\u00f1os<\/p><p>A\u00f1o 2015<\/p><p><a href=\"https:\/\/www.youtube.com\/watch?v=fpdnRy5FtgE&amp;t=2s\">Ve un fragmento ac\u00e1<\/a><\/p><\/div>\n\t\t\t\t<\/div>\n\t\t\t\t\t\t\t\t<\/div>\n\t\t\t\t\t\t<\/div>\n\t\t\t\t<\/div>\n\t\t\t\t\t<\/div>\n\t\t<\/div>\n\t\t\t\t\t<\/div>\n\t\t<\/section>\n\t\t\t\t<section class=\"elementor-section elementor-top-section elementor-element elementor-element-d8d16ab elementor-section-boxed elementor-section-height-default elementor-section-height-default\" data-id=\"d8d16ab\" data-element_type=\"section\" data-e-type=\"section\">\n\t\t\t\t\t\t<div class=\"elementor-container elementor-column-gap-default\">\n\t\t\t\t\t<div class=\"elementor-column elementor-col-100 elementor-top-column elementor-element elementor-element-7492314\" data-id=\"7492314\" data-element_type=\"column\" data-e-type=\"column\">\n\t\t\t<div class=\"elementor-widget-wrap elementor-element-populated\">\n\t\t\t\t\t\t<div class=\"elementor-element elementor-element-6e472b8 elementor-arrows-position-inside elementor-pagination-position-outside elementor-widget elementor-widget-image-carousel\" data-id=\"6e472b8\" data-element_type=\"widget\" data-e-type=\"widget\" data-settings=\"{&quot;navigation&quot;:&quot;both&quot;,&quot;autoplay&quot;:&quot;yes&quot;,&quot;pause_on_hover&quot;:&quot;yes&quot;,&quot;pause_on_interaction&quot;:&quot;yes&quot;,&quot;autoplay_speed&quot;:5000,&quot;infinite&quot;:&quot;yes&quot;,&quot;speed&quot;:500}\" data-widget_type=\"image-carousel.default\">\n\t\t\t\t<div class=\"elementor-widget-container\">\n\t\t\t\t\t\t\t<div class=\"elementor-image-carousel-wrapper swiper\" role=\"region\" aria-roledescription=\"carousel\" aria-label=\"Carrusel de Im\u00e1genes\" dir=\"ltr\">\n\t\t\t<div class=\"elementor-image-carousel swiper-wrapper\" aria-live=\"off\">\n\t\t\t\t\t\t\t\t<div class=\"swiper-slide\" role=\"group\" aria-roledescription=\"slide\" aria-label=\"1 de 8\"><figure class=\"swiper-slide-inner\"><img decoding=\"async\" class=\"swiper-slide-image\" src=\"https:\/\/www.lamaquinadeleer.com\/wp-content\/uploads\/elementor\/thumbs\/contadahilo-otl2qqnc529mdvrycmm8s66biaklm3a4tqal74n3s0.jpg\" alt=\"contadahilo\" \/><\/figure><\/div><div class=\"swiper-slide\" role=\"group\" aria-roledescription=\"slide\" aria-label=\"2 de 8\"><figure class=\"swiper-slide-inner\"><img decoding=\"async\" class=\"swiper-slide-image\" src=\"https:\/\/www.lamaquinadeleer.com\/wp-content\/uploads\/elementor\/thumbs\/fondo-otfnrbgawt7h1zvmug00jhxqqgerpknueteimgepy8.jpg\" alt=\"Galer\u00eda un a\u00f1o de La Web\" \/><\/figure><\/div><div class=\"swiper-slide\" role=\"group\" aria-roledescription=\"slide\" aria-label=\"3 de 8\"><figure class=\"swiper-slide-inner\"><img decoding=\"async\" class=\"swiper-slide-image\" src=\"https:\/\/www.lamaquinadeleer.com\/wp-content\/uploads\/elementor\/thumbs\/DSC07098-scaled-otg42i8q9z0vskyd2rcwntmy0s8d6ordh4p4a7s0yo.jpg\" alt=\"DSC07098\" \/><\/figure><\/div><div class=\"swiper-slide\" role=\"group\" aria-roledescription=\"slide\" aria-label=\"4 de 8\"><figure class=\"swiper-slide-inner\"><img decoding=\"async\" class=\"swiper-slide-image\" src=\"https:\/\/www.lamaquinadeleer.com\/wp-content\/uploads\/elementor\/thumbs\/DSC07079-scaled-otg3w06x084hhoec1g6swyp63u9yy1y7ky97sbf200.jpg\" alt=\"DSC07079\" \/><\/figure><\/div><div class=\"swiper-slide\" role=\"group\" aria-roledescription=\"slide\" aria-label=\"5 de 8\"><figure class=\"swiper-slide-inner\"><img decoding=\"async\" class=\"swiper-slide-image\" src=\"https:\/\/www.lamaquinadeleer.com\/wp-content\/uploads\/elementor\/thumbs\/lasbuenas-scaled-otfnpsxnwf4ucm2tosfnivp0a3vhb4nevbkcsenjz4.jpg\" alt=\"lasbuenas\" \/><\/figure><\/div><div class=\"swiper-slide\" role=\"group\" aria-roledescription=\"slide\" aria-label=\"6 de 8\"><figure class=\"swiper-slide-inner\"><img decoding=\"async\" class=\"swiper-slide-image\" src=\"https:\/\/www.lamaquinadeleer.com\/wp-content\/uploads\/elementor\/thumbs\/consedafondo-otkr7rucz47iv8jegr8jidxihhw2giw43u2p0hx0ps.jpg\" alt=\"consedafondo\" \/><\/figure><\/div><div class=\"swiper-slide\" role=\"group\" aria-roledescription=\"slide\" aria-label=\"7 de 8\"><figure class=\"swiper-slide-inner\"><img decoding=\"async\" class=\"swiper-slide-image\" src=\"https:\/\/www.lamaquinadeleer.com\/wp-content\/uploads\/elementor\/thumbs\/banner1-otfho1nom51goqdt8nv3vtwq0l6a3g60xiqucpixgg.jpg\" alt=\"banner1\" \/><\/figure><\/div><div class=\"swiper-slide\" role=\"group\" aria-roledescription=\"slide\" aria-label=\"8 de 8\"><figure class=\"swiper-slide-inner\"><img decoding=\"async\" class=\"swiper-slide-image\" src=\"https:\/\/www.lamaquinadeleer.com\/wp-content\/uploads\/elementor\/thumbs\/afiche-gabo1-otfnoyuttpzo13aikfflb3a99rzqgtc036otfjw5i8.jpg\" alt=\"OLYMPUS DIGITAL CAMERA\" \/><\/figure><\/div>\t\t\t<\/div>\n\t\t\t\t\t\t\t\t\t\t\t\t<div class=\"elementor-swiper-button elementor-swiper-button-prev\" role=\"button\" tabindex=\"0\">\n\t\t\t\t\t\t<i aria-hidden=\"true\" class=\"eicon-chevron-left\"><\/i>\t\t\t\t\t<\/div>\n\t\t\t\t\t<div class=\"elementor-swiper-button elementor-swiper-button-next\" role=\"button\" tabindex=\"0\">\n\t\t\t\t\t\t<i aria-hidden=\"true\" class=\"eicon-chevron-right\"><\/i>\t\t\t\t\t<\/div>\n\t\t\t\t\n\t\t\t\t\t\t\t\t\t<div class=\"swiper-pagination\"><\/div>\n\t\t\t\t\t\t\t\t\t<\/div>\n\t\t\t\t\t\t<\/div>\n\t\t\t\t<\/div>\n\t\t\t\t\t<\/div>\n\t\t<\/div>\n\t\t\t\t\t<\/div>\n\t\t<\/section>\n\t\t\t\t<section class=\"elementor-section elementor-top-section elementor-element elementor-element-6caf1d37 elementor-section-height-min-height elementor-section-content-middle elementor-section-boxed elementor-section-height-default elementor-section-items-middle\" data-id=\"6caf1d37\" data-element_type=\"section\" data-e-type=\"section\" data-settings=\"{&quot;background_background&quot;:&quot;classic&quot;}\">\n\t\t\t\t\t\t<div class=\"elementor-container elementor-column-gap-default\">\n\t\t\t\t\t<div class=\"elementor-column elementor-col-100 elementor-top-column elementor-element elementor-element-173e4f70\" data-id=\"173e4f70\" data-element_type=\"column\" data-e-type=\"column\">\n\t\t\t<div class=\"elementor-widget-wrap elementor-element-populated\">\n\t\t\t\t\t\t<div class=\"elementor-element elementor-element-28d160e5 elementor-widget elementor-widget-heading\" data-id=\"28d160e5\" data-element_type=\"widget\" data-e-type=\"widget\" data-widget_type=\"heading.default\">\n\t\t\t\t<div class=\"elementor-widget-container\">\n\t\t\t\t\t<h2 class=\"elementor-heading-title elementor-size-large\">Silencio... Hab\u00eda una vez...<\/h2>\t\t\t\t<\/div>\n\t\t\t\t<\/div>\n\t\t\t\t<div class=\"elementor-element elementor-element-62efe2fc elementor-widget elementor-widget-spacer\" data-id=\"62efe2fc\" data-element_type=\"widget\" data-e-type=\"widget\" data-widget_type=\"spacer.default\">\n\t\t\t\t<div class=\"elementor-widget-container\">\n\t\t\t\t\t\t\t<div class=\"elementor-spacer\">\n\t\t\t<div class=\"elementor-spacer-inner\"><\/div>\n\t\t<\/div>\n\t\t\t\t\t\t<\/div>\n\t\t\t\t<\/div>\n\t\t\t\t<div class=\"elementor-element elementor-element-4ff603b4 elementor-widget elementor-widget-testimonial\" data-id=\"4ff603b4\" data-element_type=\"widget\" data-e-type=\"widget\" data-widget_type=\"testimonial.default\">\n\t\t\t\t<div class=\"elementor-widget-container\">\n\t\t\t\t\t\t\t<div class=\"elementor-testimonial-wrapper\">\n\t\t\t\t\t\t\t<div class=\"elementor-testimonial-content\">La narraci\u00f3n oral es la simpleza del encuentro a trav\u00e9s de una historia<\/div>\n\t\t\t\n\t\t\t\t\t\t<div class=\"elementor-testimonial-meta elementor-has-image elementor-testimonial-image-position-top\">\n\t\t\t\t<div class=\"elementor-testimonial-meta-inner\">\n\t\t\t\t\t\t\t\t\t\t\t<div class=\"elementor-testimonial-image\">\n\t\t\t\t\t\t\t<img loading=\"lazy\" decoding=\"async\" width=\"1028\" height=\"1170\" src=\"https:\/\/www.lamaquinadeleer.com\/wp-content\/uploads\/2020\/08\/Captura-de-pantalla-2014-10-01-a-las-09.34.30.png\" class=\"attachment-full size-full wp-image-30\" alt=\"\" srcset=\"https:\/\/www.lamaquinadeleer.com\/wp-content\/uploads\/2020\/08\/Captura-de-pantalla-2014-10-01-a-las-09.34.30.png 1028w, https:\/\/www.lamaquinadeleer.com\/wp-content\/uploads\/2020\/08\/Captura-de-pantalla-2014-10-01-a-las-09.34.30-350x398.png 350w, https:\/\/www.lamaquinadeleer.com\/wp-content\/uploads\/2020\/08\/Captura-de-pantalla-2014-10-01-a-las-09.34.30-264x300.png 264w, https:\/\/www.lamaquinadeleer.com\/wp-content\/uploads\/2020\/08\/Captura-de-pantalla-2014-10-01-a-las-09.34.30-900x1024.png 900w, https:\/\/www.lamaquinadeleer.com\/wp-content\/uploads\/2020\/08\/Captura-de-pantalla-2014-10-01-a-las-09.34.30-768x874.png 768w\" sizes=\"100vw\" \/>\t\t\t\t\t\t<\/div>\n\t\t\t\t\t\n\t\t\t\t\t\t\t\t\t<\/div>\n\t\t\t<\/div>\n\t\t\t\t\t<\/div>\n\t\t\t\t\t\t<\/div>\n\t\t\t\t<\/div>\n\t\t\t\t\t<\/div>\n\t\t<\/div>\n\t\t\t\t\t<\/div>\n\t\t<\/section>\n\t\t\t\t<\/div>\n\t\t","protected":false},"excerpt":{"rendered":"<p>El D\u00eda de la Isla \u00a0 \u00a0 \u00a0 \u00a0 \u00a0 Una Narraci\u00f3n basada en la pel\u00edcula italiana \u201cE Gia Ieri\u201d a su vez basada en \u201cEl d\u00eda de la Marmota\u201d, la versi\u00f3n de El d\u00eda de la Isla, es una versi\u00f3n libre de la tem\u00e1tica abordada por la primera que en realidad es la segunda. &hellip; <\/p>\n<p class=\"link-more\"><a href=\"https:\/\/www.lamaquinadeleer.com\/?page_id=175\" class=\"more-link\">Continuar leyendo<span class=\"screen-reader-text\"> &#8220;Narraci\u00f3n Oral&#8221;<\/span><\/a><\/p>\n","protected":false},"author":1,"featured_media":0,"parent":0,"menu_order":0,"comment_status":"closed","ping_status":"closed","template":"","meta":{"footnotes":""},"class_list":["post-175","page","type-page","status-publish","hentry"],"_links":{"self":[{"href":"https:\/\/www.lamaquinadeleer.com\/index.php?rest_route=\/wp\/v2\/pages\/175","targetHints":{"allow":["GET"]}}],"collection":[{"href":"https:\/\/www.lamaquinadeleer.com\/index.php?rest_route=\/wp\/v2\/pages"}],"about":[{"href":"https:\/\/www.lamaquinadeleer.com\/index.php?rest_route=\/wp\/v2\/types\/page"}],"author":[{"embeddable":true,"href":"https:\/\/www.lamaquinadeleer.com\/index.php?rest_route=\/wp\/v2\/users\/1"}],"replies":[{"embeddable":true,"href":"https:\/\/www.lamaquinadeleer.com\/index.php?rest_route=%2Fwp%2Fv2%2Fcomments&post=175"}],"version-history":[{"count":14,"href":"https:\/\/www.lamaquinadeleer.com\/index.php?rest_route=\/wp\/v2\/pages\/175\/revisions"}],"predecessor-version":[{"id":810,"href":"https:\/\/www.lamaquinadeleer.com\/index.php?rest_route=\/wp\/v2\/pages\/175\/revisions\/810"}],"wp:attachment":[{"href":"https:\/\/www.lamaquinadeleer.com\/index.php?rest_route=%2Fwp%2Fv2%2Fmedia&parent=175"}],"curies":[{"name":"wp","href":"https:\/\/api.w.org\/{rel}","templated":true}]}}